{"id":247,"date":"2020-06-25T21:18:38","date_gmt":"2020-06-25T19:18:38","guid":{"rendered":"http:\/\/www.dr-killinger-angerberg.com\/praxis\/?page_id=247"},"modified":"2024-04-15T18:20:29","modified_gmt":"2024-04-15T16:20:29","slug":"home-2","status":"publish","type":"page","link":"https:\/\/www.dr-killinger-angerberg.com\/praxis\/home-2\/","title":{"rendered":"Team"},"content":{"rendered":"\t\t<div data-elementor-type=\"wp-page\" data-elementor-id=\"247\" class=\"elementor elementor-247\">\n\t\t\t\t\t\t<section class=\"elementor-section elementor-top-section elementor-element elementor-element-6c9ed98c elementor-section-boxed elementor-section-height-default elementor-section-height-default\" data-id=\"6c9ed98c\" data-element_type=\"section\" data-e-type=\"section\" data-settings=\"{&quot;background_background&quot;:&quot;video&quot;,&quot;background_video_link&quot;:&quot;https:\\\/\\\/www.dr-killinger-angerberg.com\\\/praxis\\\/wp-content\\\/uploads\\\/wind_blumen.mp4&quot;,&quot;background_video_start&quot;:0,&quot;background_video_end&quot;:0,&quot;background_play_on_mobile&quot;:&quot;yes&quot;}\">\n\t\t\t\t\t\t\t\t<div class=\"elementor-background-video-container\">\n\t\t\t\t\t\t\t\t\t\t\t\t\t<video class=\"elementor-background-video-hosted\" role=\"presentation\" autoplay muted playsinline loop><\/video>\n\t\t\t\t\t\t\t\t\t\t\t<\/div>\n\t\t\t\t\t\t\t\t\t<div class=\"elementor-background-overlay\"><\/div>\n\t\t\t\t\t\t\t<div class=\"elementor-container elementor-column-gap-default\">\n\t\t\t\t\t<div class=\"elementor-column elementor-col-100 elementor-top-column elementor-element elementor-element-25d20c81\" data-id=\"25d20c81\" data-element_type=\"column\" data-e-type=\"column\">\n\t\t\t<div class=\"elementor-widget-wrap elementor-element-populated\">\n\t\t\t\t\t\t<div class=\"elementor-element elementor-element-153958a elementor-widget elementor-widget-heading\" data-id=\"153958a\" data-element_type=\"widget\" data-e-type=\"widget\" data-widget_type=\"heading.default\">\n\t\t\t\t<div class=\"elementor-widget-container\">\n\t\t\t\t\t<h2 class=\"elementor-heading-title elementor-size-default\">Um Ihr Wohlbefinden bem\u00fcht!<\/h2>\t\t\t\t<\/div>\n\t\t\t\t<\/div>\n\t\t\t\t<div class=\"elementor-element elementor-element-be0f6a4 elementor-widget elementor-widget-heading\" data-id=\"be0f6a4\" data-element_type=\"widget\" data-e-type=\"widget\" data-widget_type=\"heading.default\">\n\t\t\t\t<div class=\"elementor-widget-container\">\n\t\t\t\t\t<p class=\"elementor-heading-title elementor-size-large\">Unser Team<\/p>\t\t\t\t<\/div>\n\t\t\t\t<\/div>\n\t\t\t\t<div class=\"elementor-element elementor-element-8de24f5 elementor-widget elementor-widget-spacer\" data-id=\"8de24f5\" data-element_type=\"widget\" data-e-type=\"widget\" data-widget_type=\"spacer.default\">\n\t\t\t\t<div class=\"elementor-widget-container\">\n\t\t\t\t\t\t\t<div class=\"elementor-spacer\">\n\t\t\t<div class=\"elementor-spacer-inner\"><\/div>\n\t\t<\/div>\n\t\t\t\t\t\t<\/div>\n\t\t\t\t<\/div>\n\t\t\t\t\t<\/div>\n\t\t<\/div>\n\t\t\t\t\t<\/div>\n\t\t<\/section>\n\t\t\t\t<section class=\"elementor-section elementor-top-section elementor-element elementor-element-12221a0 elementor-section-boxed elementor-section-height-default elementor-section-height-default\" data-id=\"12221a0\" data-element_type=\"section\" data-e-type=\"section\">\n\t\t\t\t\t\t<div class=\"elementor-container elementor-column-gap-default\">\n\t\t\t\t\t<div class=\"elementor-column elementor-col-100 elementor-top-column elementor-element elementor-element-cb99f2d\" data-id=\"cb99f2d\" data-element_type=\"column\" data-e-type=\"column\">\n\t\t\t<div class=\"elementor-widget-wrap elementor-element-populated\">\n\t\t\t\t\t\t<div class=\"elementor-element elementor-element-c2395d8 elementor-widget elementor-widget-spacer\" data-id=\"c2395d8\" data-element_type=\"widget\" data-e-type=\"widget\" data-widget_type=\"spacer.default\">\n\t\t\t\t<div class=\"elementor-widget-container\">\n\t\t\t\t\t\t\t<div class=\"elementor-spacer\">\n\t\t\t<div class=\"elementor-spacer-inner\"><\/div>\n\t\t<\/div>\n\t\t\t\t\t\t<\/div>\n\t\t\t\t<\/div>\n\t\t\t\t\t<\/div>\n\t\t<\/div>\n\t\t\t\t\t<\/div>\n\t\t<\/section>\n\t\t\t\t<section class=\"elementor-section elementor-top-section elementor-element elementor-element-57669441 elementor-section-content-top elementor-section-boxed elementor-section-height-default elementor-section-height-default\" data-id=\"57669441\" data-element_type=\"section\" data-e-type=\"section\">\n\t\t\t\t\t\t<div class=\"elementor-container elementor-column-gap-no\">\n\t\t\t\t\t<div class=\"elementor-column elementor-col-33 elementor-top-column elementor-element elementor-element-56f6a77b\" data-id=\"56f6a77b\" data-element_type=\"column\" data-e-type=\"column\" data-settings=\"{&quot;background_background&quot;:&quot;classic&quot;}\">\n\t\t\t<div class=\"elementor-widget-wrap elementor-element-populated\">\n\t\t\t\t\t<div class=\"elementor-background-overlay\"><\/div>\n\t\t\t\t\t\t<div class=\"elementor-element elementor-element-a617a6e elementor-widget__width-inherit elementor-hidden-tablet elementor-widget elementor-widget-text-editor\" data-id=\"a617a6e\" data-element_type=\"widget\" data-e-type=\"widget\" data-widget_type=\"text-editor.default\">\n\t\t\t\t<div class=\"elementor-widget-container\">\n\t\t\t\t\t\t\t\t\t<p>Wir sind ein <strong>flexibles, vielseitig ausgebildetes Team<\/strong> und stets darum bem\u00fcht, Ihren Aufenthalt in unserer Praxis m\u00f6glichst angenehm zu gestalten! Sie k\u00f6nnen sich sicher sein, Ihre Gesundheit in besten H\u00e4nden zu wissen.<\/p>\t\t\t\t\t\t\t\t<\/div>\n\t\t\t\t<\/div>\n\t\t\t\t\t<\/div>\n\t\t<\/div>\n\t\t\t\t<div class=\"elementor-column elementor-col-66 elementor-top-column elementor-element elementor-element-78742296\" data-id=\"78742296\" data-element_type=\"column\" data-e-type=\"column\" data-settings=\"{&quot;background_background&quot;:&quot;classic&quot;}\">\n\t\t\t<div class=\"elementor-widget-wrap elementor-element-populated\">\n\t\t\t\t\t\t<div class=\"elementor-element elementor-element-df70fea elementor-widget elementor-widget-spacer\" data-id=\"df70fea\" data-element_type=\"widget\" data-e-type=\"widget\" data-widget_type=\"spacer.default\">\n\t\t\t\t<div class=\"elementor-widget-container\">\n\t\t\t\t\t\t\t<div class=\"elementor-spacer\">\n\t\t\t<div class=\"elementor-spacer-inner\"><\/div>\n\t\t<\/div>\n\t\t\t\t\t\t<\/div>\n\t\t\t\t<\/div>\n\t\t\t\t<div class=\"elementor-element elementor-element-b8fe56f elementor-widget elementor-widget-image\" data-id=\"b8fe56f\" data-element_type=\"widget\" data-e-type=\"widget\" data-widget_type=\"image.default\">\n\t\t\t\t<div class=\"elementor-widget-container\">\n\t\t\t\t\t\t\t\t\t\t\t\t\t\t\t<img fetchpriority=\"high\" decoding=\"async\" width=\"1024\" height=\"682\" src=\"https:\/\/www.dr-killinger-angerberg.com\/praxis\/wp-content\/uploads\/2020\/06\/Bild-1-Team-der-Arztpraxis-Dr.-Killinger-1024x682.jpg\" class=\"attachment-large size-large wp-image-254\" alt=\"\" srcset=\"https:\/\/www.dr-killinger-angerberg.com\/praxis\/wp-content\/uploads\/2020\/06\/Bild-1-Team-der-Arztpraxis-Dr.-Killinger-1024x682.jpg 1024w, https:\/\/www.dr-killinger-angerberg.com\/praxis\/wp-content\/uploads\/2020\/06\/Bild-1-Team-der-Arztpraxis-Dr.-Killinger-300x200.jpg 300w, https:\/\/www.dr-killinger-angerberg.com\/praxis\/wp-content\/uploads\/2020\/06\/Bild-1-Team-der-Arztpraxis-Dr.-Killinger-768x511.jpg 768w, https:\/\/www.dr-killinger-angerberg.com\/praxis\/wp-content\/uploads\/2020\/06\/Bild-1-Team-der-Arztpraxis-Dr.-Killinger-1536x1022.jpg 1536w, https:\/\/www.dr-killinger-angerberg.com\/praxis\/wp-content\/uploads\/2020\/06\/Bild-1-Team-der-Arztpraxis-Dr.-Killinger-2048x1363.jpg 2048w\" sizes=\"(max-width: 1024px) 100vw, 1024px\" \/>\t\t\t\t\t\t\t\t\t\t\t\t\t\t\t<\/div>\n\t\t\t\t<\/div>\n\t\t\t\t\t<\/div>\n\t\t<\/div>\n\t\t\t\t\t<\/div>\n\t\t<\/section>\n\t\t\t\t<section class=\"elementor-section elementor-top-section elementor-element elementor-element-71d9509 elementor-section-full_width elementor-section-height-default elementor-section-height-default\" data-id=\"71d9509\" data-element_type=\"section\" data-e-type=\"section\">\n\t\t\t\t\t\t<div class=\"elementor-container elementor-column-gap-default\">\n\t\t\t\t\t<div class=\"elementor-column elementor-col-100 elementor-top-column elementor-element elementor-element-deb9b95\" data-id=\"deb9b95\" data-element_type=\"column\" data-e-type=\"column\">\n\t\t\t<div class=\"elementor-widget-wrap elementor-element-populated\">\n\t\t\t\t\t\t<div class=\"elementor-element elementor-element-d2355f0 elementor-pagination-position-inside elementor-arrows-position-inside elementor-widget elementor-widget-image-carousel\" data-id=\"d2355f0\" data-element_type=\"widget\" data-e-type=\"widget\" data-settings=\"{&quot;slides_to_scroll&quot;:&quot;1&quot;,&quot;autoplay&quot;:&quot;no&quot;,&quot;navigation&quot;:&quot;both&quot;,&quot;infinite&quot;:&quot;yes&quot;,&quot;speed&quot;:500}\" data-widget_type=\"image-carousel.default\">\n\t\t\t\t<div class=\"elementor-widget-container\">\n\t\t\t\t\t\t\t<div class=\"elementor-image-carousel-wrapper swiper\" role=\"region\" aria-roledescription=\"carousel\" aria-label=\"Bild Karussell\" dir=\"ltr\">\n\t\t\t<div class=\"elementor-image-carousel swiper-wrapper\" aria-live=\"polite\">\n\t\t\t\t\t\t\t\t<div class=\"swiper-slide\" role=\"group\" aria-roledescription=\"slide\" aria-label=\"1 von 8\"><figure class=\"swiper-slide-inner\"><img decoding=\"async\" class=\"swiper-slide-image\" src=\"https:\/\/www.dr-killinger-angerberg.com\/praxis\/wp-content\/uploads\/elementor\/thumbs\/Dr.-med.-univ.-Markus-Killinger-Arzt-f\u00fcr-Allgemienmedizin-1-scaled-orjvphastere34svaz9yo1lw9i2r2chx8tbwrm693q.jpg\" alt=\"Dr. med. univ. Markus Killinger, Arzt f\u00fcr Allgemeinmedizin, Praxisinhaber\" \/><figcaption class=\"elementor-image-carousel-caption\">Dr. med. univ. Markus Killinger, Arzt f\u00fcr Allgemeinmedizin, Praxisinhaber<\/figcaption><\/figure><\/div><div class=\"swiper-slide\" role=\"group\" aria-roledescription=\"slide\" aria-label=\"2 von 8\"><figure class=\"swiper-slide-inner\"><img decoding=\"async\" class=\"swiper-slide-image\" src=\"https:\/\/www.dr-killinger-angerberg.com\/praxis\/wp-content\/uploads\/elementor\/thumbs\/dr_carolin_siegl-qmr64ssxky23u8cqg32zig47ejx2ndgiyld884ck9s.jpg\" alt=\"Dr. med. univ. Carolin Siegl, \u00c4rztin f\u00fcr Allgemeinmedizin, angestellte \u00c4rztin\" \/><figcaption class=\"elementor-image-carousel-caption\">Dr. med. univ. Carolin Siegl, \u00c4rztin f\u00fcr Allgemeinmedizin, angestellte \u00c4rztin <\/figcaption><\/figure><\/div><div class=\"swiper-slide\" role=\"group\" aria-roledescription=\"slide\" aria-label=\"3 von 8\"><figure class=\"swiper-slide-inner\"><img decoding=\"async\" class=\"swiper-slide-image\" src=\"https:\/\/www.dr-killinger-angerberg.com\/praxis\/wp-content\/uploads\/elementor\/thumbs\/Martina-Feiersinger-Ordinationsmitarbeiterin-scaled-orjvr4imrz0gekeup6vgj4nxoryvja10gyfi01qg7q.jpg\" alt=\"Martina Feiersinger, Ordinationsmitarbeiterin\" \/><figcaption class=\"elementor-image-carousel-caption\">Martina Feiersinger, Ordinationsmitarbeiterin<\/figcaption><\/figure><\/div><div class=\"swiper-slide\" role=\"group\" aria-roledescription=\"slide\" aria-label=\"4 von 8\"><figure class=\"swiper-slide-inner\"><img decoding=\"async\" class=\"swiper-slide-image\" src=\"https:\/\/www.dr-killinger-angerberg.com\/praxis\/wp-content\/uploads\/elementor\/thumbs\/Astrid-Horngacher-Ordinationsassistentin-scaled-orjvp29ds26sxdepqsrxk5eirc4vn6u7uqw536sjva.jpg\" alt=\"Astrid Horngacher, Ordinationsassistentin\" \/><figcaption class=\"elementor-image-carousel-caption\">Astrid Horngacher, Ordinationsassistentin<\/figcaption><\/figure><\/div><div class=\"swiper-slide\" role=\"group\" aria-roledescription=\"slide\" aria-label=\"5 von 8\"><figure class=\"swiper-slide-inner\"><img decoding=\"async\" class=\"swiper-slide-image\" src=\"https:\/\/www.dr-killinger-angerberg.com\/praxis\/wp-content\/uploads\/elementor\/thumbs\/Iris-Knauer-Ordinationsassistentin-scaled-orjvqbdmw3wkenl6fca0vu0n9tyhwntc0y7g4gxnkm.jpg\" alt=\"Iris Knauer, Ordinationsassistentin\" \/><figcaption class=\"elementor-image-carousel-caption\">Iris Knauer, Ordinationsassistentin<\/figcaption><\/figure><\/div><div class=\"swiper-slide\" role=\"group\" aria-roledescription=\"slide\" aria-label=\"6 von 8\"><figure class=\"swiper-slide-inner\"><img decoding=\"async\" class=\"swiper-slide-image\" src=\"https:\/\/www.dr-killinger-angerberg.com\/praxis\/wp-content\/uploads\/elementor\/thumbs\/Elisabeth-Lechner-Ordinationsassistentin-2-scaled-orjvpvednxaoxa8e0ndd7g1t6a599t1war46yrlcie.jpg\" alt=\"Elisabeth Lechner, Ordinationsassistentin\" \/><figcaption class=\"elementor-image-carousel-caption\">Elisabeth Lechner, Ordinationsassistentin<\/figcaption><\/figure><\/div><div class=\"swiper-slide\" role=\"group\" aria-roledescription=\"slide\" aria-label=\"7 von 8\"><figure class=\"swiper-slide-inner\"><img decoding=\"async\" class=\"swiper-slide-image\" src=\"https:\/\/www.dr-killinger-angerberg.com\/praxis\/wp-content\/uploads\/elementor\/thumbs\/Maria-Luise-Spitzenst\u00e4tter-Ordinationsassistentin-scaled-orjvqojdjsekx722ahysuqp3l85mwf9kqrc8uce55i.jpg\" alt=\"Maria-Luise Spitzenst\u00e4tter, Ordinationsassistentin\" \/><figcaption class=\"elementor-image-carousel-caption\">Maria-Luise Spitzenst\u00e4tter, Ordinationsassistentin<\/figcaption><\/figure><\/div><div class=\"swiper-slide\" role=\"group\" aria-roledescription=\"slide\" aria-label=\"8 von 8\"><figure class=\"swiper-slide-inner\"><img decoding=\"async\" class=\"swiper-slide-image\" src=\"https:\/\/www.dr-killinger-angerberg.com\/praxis\/wp-content\/uploads\/elementor\/thumbs\/Paula-Steinbacher-diplom.-Gesundheits-und-Krankenpflegerin-scaled-orjvrim7mhjr8pudeuyv2j3ulk1dqqkziw7s775jme.jpg\" alt=\"Paula Steinbacher, diplom. Gesundheits- und Krankenpflegerin\" \/><figcaption class=\"elementor-image-carousel-caption\">Paula Steinbacher, diplom. Gesundheits- und Krankenpflegerin<\/figcaption><\/figure><\/div>\t\t\t<\/div>\n\t\t\t\t\t\t\t\t\t\t\t\t<div class=\"elementor-swiper-button elementor-swiper-button-prev\" role=\"button\" tabindex=\"0\">\n\t\t\t\t\t\t<i aria-hidden=\"true\" class=\"eicon-chevron-left\"><\/i>\t\t\t\t\t<\/div>\n\t\t\t\t\t<div class=\"elementor-swiper-button elementor-swiper-button-next\" role=\"button\" tabindex=\"0\">\n\t\t\t\t\t\t<i aria-hidden=\"true\" class=\"eicon-chevron-right\"><\/i>\t\t\t\t\t<\/div>\n\t\t\t\t\n\t\t\t\t\t\t\t\t\t<div class=\"swiper-pagination\"><\/div>\n\t\t\t\t\t\t\t\t\t<\/div>\n\t\t\t\t\t\t<\/div>\n\t\t\t\t<\/div>\n\t\t\t\t\t<\/div>\n\t\t<\/div>\n\t\t\t\t\t<\/div>\n\t\t<\/section>\n\t\t\t\t<section class=\"elementor-section elementor-top-section elementor-element elementor-element-51dcc78 elementor-section-content-top elementor-section-boxed elementor-section-height-default elementor-section-height-default\" data-id=\"51dcc78\" data-element_type=\"section\" data-e-type=\"section\">\n\t\t\t\t\t\t<div class=\"elementor-container elementor-column-gap-no\">\n\t\t\t\t\t<div class=\"elementor-column elementor-col-33 elementor-top-column elementor-element elementor-element-bd779df\" data-id=\"bd779df\" data-element_type=\"column\" data-e-type=\"column\" data-settings=\"{&quot;background_background&quot;:&quot;classic&quot;}\">\n\t\t\t<div class=\"elementor-widget-wrap elementor-element-populated\">\n\t\t\t\t\t<div class=\"elementor-background-overlay\"><\/div>\n\t\t\t\t\t\t<div class=\"elementor-element elementor-element-2a6da07 elementor-widget elementor-widget-image\" data-id=\"2a6da07\" data-element_type=\"widget\" data-e-type=\"widget\" data-widget_type=\"image.default\">\n\t\t\t\t<div class=\"elementor-widget-container\">\n\t\t\t\t\t\t\t\t\t\t\t\t\t\t\t<img decoding=\"async\" width=\"423\" height=\"424\" src=\"https:\/\/www.dr-killinger-angerberg.com\/praxis\/wp-content\/uploads\/2020\/06\/Bettina-Pronegg-Ern\u00e4hrungberatung.jpg\" class=\"attachment-large size-large wp-image-431\" alt=\"\" srcset=\"https:\/\/www.dr-killinger-angerberg.com\/praxis\/wp-content\/uploads\/2020\/06\/Bettina-Pronegg-Ern\u00e4hrungberatung.jpg 423w, https:\/\/www.dr-killinger-angerberg.com\/praxis\/wp-content\/uploads\/2020\/06\/Bettina-Pronegg-Ern\u00e4hrungberatung-300x300.jpg 300w, https:\/\/www.dr-killinger-angerberg.com\/praxis\/wp-content\/uploads\/2020\/06\/Bettina-Pronegg-Ern\u00e4hrungberatung-150x150.jpg 150w\" sizes=\"(max-width: 423px) 100vw, 423px\" \/>\t\t\t\t\t\t\t\t\t\t\t\t\t\t\t<\/div>\n\t\t\t\t<\/div>\n\t\t\t\t<div class=\"elementor-element elementor-element-73c5bb4 elementor-widget elementor-widget-heading\" data-id=\"73c5bb4\" data-element_type=\"widget\" data-e-type=\"widget\" data-widget_type=\"heading.default\">\n\t\t\t\t<div class=\"elementor-widget-container\">\n\t\t\t\t\t<h1 class=\"elementor-heading-title elementor-size-default\">Bettina Pronegg<\/h1>\t\t\t\t<\/div>\n\t\t\t\t<\/div>\n\t\t\t\t<div class=\"elementor-element elementor-element-08aa028 elementor-widget elementor-widget-heading\" data-id=\"08aa028\" data-element_type=\"widget\" data-e-type=\"widget\" data-widget_type=\"heading.default\">\n\t\t\t\t<div class=\"elementor-widget-container\">\n\t\t\t\t\t<h2 class=\"elementor-heading-title elementor-size-default\">Diplom. Di\u00e4tologin<\/h2>\t\t\t\t<\/div>\n\t\t\t\t<\/div>\n\t\t\t\t\t<\/div>\n\t\t<\/div>\n\t\t\t\t<div class=\"elementor-column elementor-col-66 elementor-top-column elementor-element elementor-element-e98c135\" data-id=\"e98c135\" data-element_type=\"column\" data-e-type=\"column\" data-settings=\"{&quot;background_background&quot;:&quot;classic&quot;}\">\n\t\t\t<div class=\"elementor-widget-wrap elementor-element-populated\">\n\t\t\t\t\t<div class=\"elementor-background-overlay\"><\/div>\n\t\t\t\t\t\t<div class=\"elementor-element elementor-element-a241fa4 elementor-widget__width-inherit elementor-hidden-tablet elementor-widget elementor-widget-text-editor\" data-id=\"a241fa4\" data-element_type=\"widget\" data-e-type=\"widget\" data-widget_type=\"text-editor.default\">\n\t\t\t\t<div class=\"elementor-widget-container\">\n\t\t\t\t\t\t\t\t\t<p><strong>Bei Ern\u00e4hrungsberatungen liegen die Schwerpunkte bei:<\/strong><\/p><ul><li>Diabetes<\/li><li>Erh\u00f6hten Blutfetten<\/li><li>\u00dcbergewicht<\/li><li>Histaminintoleranz<\/li><li>Lactoseintoleranz<\/li><li>Fructosemalabsorption<\/li><\/ul>\t\t\t\t\t\t\t\t<\/div>\n\t\t\t\t<\/div>\n\t\t\t\t<div class=\"elementor-element elementor-element-691099e elementor-widget elementor-widget-spacer\" data-id=\"691099e\" data-element_type=\"widget\" data-e-type=\"widget\" data-widget_type=\"spacer.default\">\n\t\t\t\t<div class=\"elementor-widget-container\">\n\t\t\t\t\t\t\t<div class=\"elementor-spacer\">\n\t\t\t<div class=\"elementor-spacer-inner\"><\/div>\n\t\t<\/div>\n\t\t\t\t\t\t<\/div>\n\t\t\t\t<\/div>\n\t\t\t\t\t<\/div>\n\t\t<\/div>\n\t\t\t\t\t<\/div>\n\t\t<\/section>\n\t\t\t\t<section class=\"elementor-section elementor-top-section elementor-element elementor-element-eb73f5d elementor-section-boxed elementor-section-height-default elementor-section-height-default\" data-id=\"eb73f5d\" data-element_type=\"section\" data-e-type=\"section\">\n\t\t\t\t\t\t<div class=\"elementor-container elementor-column-gap-default\">\n\t\t\t\t\t<div class=\"elementor-column elementor-col-100 elementor-top-column elementor-element elementor-element-5b66d5d\" data-id=\"5b66d5d\" data-element_type=\"column\" data-e-type=\"column\">\n\t\t\t<div class=\"elementor-widget-wrap elementor-element-populated\">\n\t\t\t\t\t\t<div class=\"elementor-element elementor-element-bd55061 elementor-widget elementor-widget-spacer\" data-id=\"bd55061\" data-element_type=\"widget\" data-e-type=\"widget\" data-widget_type=\"spacer.default\">\n\t\t\t\t<div class=\"elementor-widget-container\">\n\t\t\t\t\t\t\t<div class=\"elementor-spacer\">\n\t\t\t<div class=\"elementor-spacer-inner\"><\/div>\n\t\t<\/div>\n\t\t\t\t\t\t<\/div>\n\t\t\t\t<\/div>\n\t\t\t\t\t<\/div>\n\t\t<\/div>\n\t\t\t\t\t<\/div>\n\t\t<\/section>\n\t\t\t\t<\/div>\n\t\t","protected":false},"excerpt":{"rendered":"<p>Um Ihr Wohlbefinden bem\u00fcht! Unser Team Wir sind ein flexibles, vielseitig ausgebildetes Team und stets darum bem\u00fcht, Ihren Aufenthalt in unserer Praxis m\u00f6glichst angenehm zu gestalten! Sie k\u00f6nnen sich sicher sein, Ihre Gesundheit in besten H\u00e4nden zu wissen. Dr. med. univ. Markus Killinger, Arzt f\u00fcr Allgemeinmedizin, Praxisinhaber Dr. med. univ. Carolin Siegl, \u00c4rztin f\u00fcr Allgemeinmedizin, [&hellip;]<\/p>\n","protected":false},"author":2,"featured_media":0,"parent":0,"menu_order":0,"comment_status":"closed","ping_status":"closed","template":"","meta":{"ocean_post_layout":"full-screen","ocean_both_sidebars_style":"","ocean_both_sidebars_content_width":0,"ocean_both_sidebars_sidebars_width":0,"ocean_sidebar":"0","ocean_second_sidebar":"0","ocean_disable_margins":"enable","ocean_add_body_class":"","ocean_shortcode_before_top_bar":"","ocean_shortcode_after_top_bar":"","ocean_shortcode_before_header":"","ocean_shortcode_after_header":"","ocean_has_shortcode":"","ocean_shortcode_after_title":"","ocean_shortcode_before_footer_widgets":"","ocean_shortcode_after_footer_widgets":"","ocean_shortcode_before_footer_bottom":"","ocean_shortcode_after_footer_bottom":"","ocean_display_top_bar":"default","ocean_display_header":"default","ocean_header_style":"","ocean_center_header_left_menu":"0","ocean_custom_header_template":"0","ocean_custom_logo":0,"ocean_custom_retina_logo":0,"ocean_custom_logo_max_width":0,"ocean_custom_logo_tablet_max_width":0,"ocean_custom_logo_mobile_max_width":0,"ocean_custom_logo_max_height":0,"ocean_custom_logo_tablet_max_height":0,"ocean_custom_logo_mobile_max_height":0,"ocean_header_custom_menu":"0","ocean_menu_typo_font_family":"0","ocean_menu_typo_font_subset":"","ocean_menu_typo_font_size":0,"ocean_menu_typo_font_size_tablet":0,"ocean_menu_typo_font_size_mobile":0,"ocean_menu_typo_font_size_unit":"px","ocean_menu_typo_font_weight":"","ocean_menu_typo_font_weight_tablet":"","ocean_menu_typo_font_weight_mobile":"","ocean_menu_typo_transform":"","ocean_menu_typo_transform_tablet":"","ocean_menu_typo_transform_mobile":"","ocean_menu_typo_line_height":0,"ocean_menu_typo_line_height_tablet":0,"ocean_menu_typo_line_height_mobile":0,"ocean_menu_typo_line_height_unit":"","ocean_menu_typo_spacing":0,"ocean_menu_typo_spacing_tablet":0,"ocean_menu_typo_spacing_mobile":0,"ocean_menu_typo_spacing_unit":"","ocean_menu_link_color":"","ocean_menu_link_color_hover":"","ocean_menu_link_color_active":"","ocean_menu_link_background":"","ocean_menu_link_hover_background":"","ocean_menu_link_active_background":"","ocean_menu_social_links_bg":"","ocean_menu_social_hover_links_bg":"","ocean_menu_social_links_color":"","ocean_menu_social_hover_links_color":"","ocean_disable_title":"on","ocean_disable_heading":"default","ocean_post_title":"","ocean_post_subheading":"","ocean_post_title_style":"","ocean_post_title_background_color":"","ocean_post_title_background":0,"ocean_post_title_bg_image_position":"","ocean_post_title_bg_image_attachment":"","ocean_post_title_bg_image_repeat":"","ocean_post_title_bg_image_size":"","ocean_post_title_height":0,"ocean_post_title_bg_overlay":0.5,"ocean_post_title_bg_overlay_color":"","ocean_disable_breadcrumbs":"default","ocean_breadcrumbs_color":"","ocean_breadcrumbs_separator_color":"","ocean_breadcrumbs_links_color":"","ocean_breadcrumbs_links_hover_color":"","ocean_display_footer_widgets":"default","ocean_display_footer_bottom":"default","ocean_custom_footer_template":"0","footnotes":""},"class_list":["post-247","page","type-page","status-publish","hentry","entry"],"_links":{"self":[{"href":"https:\/\/www.dr-killinger-angerberg.com\/praxis\/wp-json\/wp\/v2\/pages\/247","targetHints":{"allow":["GET"]}}],"collection":[{"href":"https:\/\/www.dr-killinger-angerberg.com\/praxis\/wp-json\/wp\/v2\/pages"}],"about":[{"href":"https:\/\/www.dr-killinger-angerberg.com\/praxis\/wp-json\/wp\/v2\/types\/page"}],"author":[{"embeddable":true,"href":"https:\/\/www.dr-killinger-angerberg.com\/praxis\/wp-json\/wp\/v2\/users\/2"}],"replies":[{"embeddable":true,"href":"https:\/\/www.dr-killinger-angerberg.com\/praxis\/wp-json\/wp\/v2\/comments?post=247"}],"version-history":[{"count":0,"href":"https:\/\/www.dr-killinger-angerberg.com\/praxis\/wp-json\/wp\/v2\/pages\/247\/revisions"}],"wp:attachment":[{"href":"https:\/\/www.dr-killinger-angerberg.com\/praxis\/wp-json\/wp\/v2\/media?parent=247"}],"curies":[{"name":"wp","href":"https:\/\/api.w.org\/{rel}","templated":true}]}}